{"id":1510,"date":"2022-03-26T13:04:26","date_gmt":"2022-03-26T16:04:26","guid":{"rendered":"https:\/\/nel.ufms.br\/dmhe\/?page_id=1510"},"modified":"2022-04-15T19:19:29","modified_gmt":"2022-04-15T22:19:29","slug":"nel","status":"publish","type":"page","link":"https:\/\/nel.net.br\/dmhe\/info\/nel\/","title":{"rendered":"NEL"},"content":{"rendered":"\t\t<div data-elementor-type=\"wp-page\" data-elementor-id=\"1510\" class=\"elementor elementor-1510\">\n\t\t\t\t\t\t\t\t\t<section class=\"elementor-section elementor-top-section elementor-element elementor-element-7b5e8a2 elementor-section-boxed elementor-section-height-default elementor-section-height-default\" data-id=\"7b5e8a2\" data-element_type=\"section\">\n\t\t\t\t\t\t<div class=\"elementor-container elementor-column-gap-default\">\n\t\t\t\t\t<div class=\"elementor-column elementor-col-100 elementor-top-column elementor-element elementor-element-2c5e992\" data-id=\"2c5e992\" data-element_type=\"column\">\n\t\t\t<div class=\"elementor-widget-wrap elementor-element-populated\">\n\t\t\t\t\t\t\t\t<div class=\"elementor-element elementor-element-3b631b3 elementor-widget elementor-widget-text-editor\" data-id=\"3b631b3\" data-element_type=\"widget\" data-widget_type=\"text-editor.default\">\n\t\t\t\t<div class=\"elementor-widget-container\">\n\t\t\t<style>\/*! elementor - v3.6.1 - 23-03-2022 *\/\n.elementor-widget-text-editor.elementor-drop-cap-view-stacked .elementor-drop-cap{background-color:#818a91;color:#fff}.elementor-widget-text-editor.elementor-drop-cap-view-framed .elementor-drop-cap{color:#818a91;border:3px solid;background-color:transparent}.elementor-widget-text-editor:not(.elementor-drop-cap-view-default) .elementor-drop-cap{margin-top:8px}.elementor-widget-text-editor:not(.elementor-drop-cap-view-default) .elementor-drop-cap-letter{width:1em;height:1em}.elementor-widget-text-editor .elementor-drop-cap{float:left;text-align:center;line-height:1;font-size:50px}.elementor-widget-text-editor .elementor-drop-cap-letter{display:inline-block}<\/style>\t\t\t\t<p class=\"MsoNormal\" style=\"text-align:justify\"><span lang=\"ES-TRAD\" style=\"font-size: 10.5pt; line-height: 107%; font-family: Lato, sans-serif; color: rgb(44, 62, 80); border-width: 1pt; border-style: none; border-color: windowtext; padding: 0cm; background-image: initial; background-position: initial; background-size: initial; background-repeat: initial; background-attachment: initial; background-origin: initial; background-clip: initial;\">El <b><i>NEL \u2013 N\u00facleo de\nEstudios del L\u00e9xico<\/i><\/b> surge por iniciativa de profesores investigadores\nque tienen el <b><i>L\u00e9xico<\/i><\/b> de diferentes lenguas como objeto de investigaci\u00f3n.\nSe trata de un ambiente de estudios donde los miembros del equipo tienen la\nposibilidad de reflexionar sobre experiencias, conocimientos y producciones\nbibliogr\u00e1ficas en las distintas \u00e1reas de las <b>Ciencias del L\u00e9xico<\/b>, como <b>Lexicolog\u00eda,\nLexicograf\u00eda, Terminolog\u00eda, Onom\u00e1stica, Fraseolog\u00eda<\/b> etc.<\/span><span lang=\"ES-TRAD\"><o:p><\/o:p><\/span><\/p>\t\t\t\t\t\t<\/div>\n\t\t\t\t<\/div>\n\t\t\t\t\t<\/div>\n\t\t<\/div>\n\t\t\t\t\t\t\t<\/div>\n\t\t<\/section>\n\t\t\t\t<section class=\"elementor-section elementor-top-section elementor-element elementor-element-a6dc6d2 elementor-section-boxed elementor-section-height-default elementor-section-height-default\" data-id=\"a6dc6d2\" data-element_type=\"section\">\n\t\t\t\t\t\t<div class=\"elementor-container elementor-column-gap-default\">\n\t\t\t\t\t<div class=\"elementor-column elementor-col-33 elementor-top-column elementor-element elementor-element-7c5de17\" data-id=\"7c5de17\" data-element_type=\"column\">\n\t\t\t<div class=\"elementor-widget-wrap\">\n\t\t\t\t\t\t\t\t\t<\/div>\n\t\t<\/div>\n\t\t\t\t<div class=\"elementor-column elementor-col-33 elementor-top-column elementor-element elementor-element-a83b94e\" data-id=\"a83b94e\" data-element_type=\"column\">\n\t\t\t<div class=\"elementor-widget-wrap elementor-element-populated\">\n\t\t\t\t\t\t\t\t<div class=\"elementor-element elementor-element-38355e1 elementor-widget elementor-widget-image\" data-id=\"38355e1\" data-element_type=\"widget\" data-widget_type=\"image.default\">\n\t\t\t\t<div class=\"elementor-widget-container\">\n\t\t\t<style>\/*! elementor - v3.6.1 - 23-03-2022 *\/\n.elementor-widget-image{text-align:center}.elementor-widget-image a{display:inline-block}.elementor-widget-image a img[src$=\".svg\"]{width:48px}.elementor-widget-image img{vertical-align:middle;display:inline-block}<\/style>\t\t\t\t\t\t\t\t\t\t\t\t\t<a href=\"https:\/\/lexped.ufms.br\/\">\n\t\t\t\t\t\t\t<img loading=\"lazy\" decoding=\"async\" width=\"300\" height=\"300\" src=\"https:\/\/nel.net.br\/dmhe\/info\/wp-content\/uploads\/2022\/04\/nel_logo-300x300.jpg\" class=\"attachment-medium size-medium\" alt=\"\" srcset=\"https:\/\/nel.net.br\/dmhe\/info\/wp-content\/uploads\/2022\/04\/nel_logo-300x300.jpg 300w, https:\/\/nel.net.br\/dmhe\/info\/wp-content\/uploads\/2022\/04\/nel_logo-150x150.jpg 150w, https:\/\/nel.net.br\/dmhe\/info\/wp-content\/uploads\/2022\/04\/nel_logo.jpg 500w\" sizes=\"auto, (max-width: 300px) 100vw, 300px\" \/>\t\t\t\t\t\t\t\t<\/a>\n\t\t\t\t\t\t\t\t\t\t\t\t\t\t\t<\/div>\n\t\t\t\t<\/div>\n\t\t\t\t\t<\/div>\n\t\t<\/div>\n\t\t\t\t<div class=\"elementor-column elementor-col-33 elementor-top-column elementor-element elementor-element-68867f7\" data-id=\"68867f7\" data-element_type=\"column\">\n\t\t\t<div class=\"elementor-widget-wrap\">\n\t\t\t\t\t\t\t\t\t<\/div>\n\t\t<\/div>\n\t\t\t\t\t\t\t<\/div>\n\t\t<\/section>\n\t\t\t\t\t\t\t<\/div>\n\t\t","protected":false},"excerpt":{"rendered":"<p>El NEL \u2013 N\u00facleo de Estudios del L\u00e9xico surge por iniciativa de profesores investigadores que tienen el L\u00e9xico de diferentes<\/p>\n","protected":false},"author":1,"featured_media":0,"parent":0,"menu_order":0,"comment_status":"closed","ping_status":"closed","template":"","meta":{"inline_featured_image":false,"footnotes":""},"class_list":["post-1510","page","type-page","status-publish","hentry"],"_links":{"self":[{"href":"https:\/\/nel.net.br\/dmhe\/info\/wp-json\/wp\/v2\/pages\/1510","targetHints":{"allow":["GET"]}}],"collection":[{"href":"https:\/\/nel.net.br\/dmhe\/info\/wp-json\/wp\/v2\/pages"}],"about":[{"href":"https:\/\/nel.net.br\/dmhe\/info\/wp-json\/wp\/v2\/types\/page"}],"author":[{"embeddable":true,"href":"https:\/\/nel.net.br\/dmhe\/info\/wp-json\/wp\/v2\/users\/1"}],"replies":[{"embeddable":true,"href":"https:\/\/nel.net.br\/dmhe\/info\/wp-json\/wp\/v2\/comments?post=1510"}],"version-history":[{"count":14,"href":"https:\/\/nel.net.br\/dmhe\/info\/wp-json\/wp\/v2\/pages\/1510\/revisions"}],"predecessor-version":[{"id":1875,"href":"https:\/\/nel.net.br\/dmhe\/info\/wp-json\/wp\/v2\/pages\/1510\/revisions\/1875"}],"wp:attachment":[{"href":"https:\/\/nel.net.br\/dmhe\/info\/wp-json\/wp\/v2\/media?parent=1510"}],"curies":[{"name":"wp","href":"https:\/\/api.w.org\/{rel}","templated":true}]}}