{"id":1508,"date":"2022-03-26T13:04:01","date_gmt":"2022-03-26T16:04:01","guid":{"rendered":"https:\/\/nel.ufms.br\/dmhe\/?page_id=1508"},"modified":"2022-04-20T15:19:28","modified_gmt":"2022-04-20T18:19:28","slug":"corpus","status":"publish","type":"page","link":"https:\/\/nel.net.br\/dmhe\/info\/corpus\/","title":{"rendered":"Corpus"},"content":{"rendered":"\t\t<div data-elementor-type=\"wp-page\" data-elementor-id=\"1508\" class=\"elementor elementor-1508\">\n\t\t\t\t\t\t\t\t\t<section class=\"elementor-section elementor-top-section elementor-element elementor-element-58cba71 elementor-section-boxed elementor-section-height-default elementor-section-height-default\" data-id=\"58cba71\" data-element_type=\"section\">\n\t\t\t\t\t\t<div class=\"elementor-container elementor-column-gap-default\">\n\t\t\t\t\t<div class=\"elementor-column elementor-col-100 elementor-top-column elementor-element elementor-element-e43c80c\" data-id=\"e43c80c\" data-element_type=\"column\">\n\t\t\t<div class=\"elementor-widget-wrap elementor-element-populated\">\n\t\t\t\t\t\t\t\t<div class=\"elementor-element elementor-element-50ee142 elementor-widget elementor-widget-text-editor\" data-id=\"50ee142\" data-element_type=\"widget\" data-widget_type=\"text-editor.default\">\n\t\t\t\t<div class=\"elementor-widget-container\">\n\t\t\t<style>\/*! elementor - v3.6.1 - 23-03-2022 *\/\n.elementor-widget-text-editor.elementor-drop-cap-view-stacked .elementor-drop-cap{background-color:#818a91;color:#fff}.elementor-widget-text-editor.elementor-drop-cap-view-framed .elementor-drop-cap{color:#818a91;border:3px solid;background-color:transparent}.elementor-widget-text-editor:not(.elementor-drop-cap-view-default) .elementor-drop-cap{margin-top:8px}.elementor-widget-text-editor:not(.elementor-drop-cap-view-default) .elementor-drop-cap-letter{width:1em;height:1em}.elementor-widget-text-editor .elementor-drop-cap{float:left;text-align:center;line-height:1;font-size:50px}.elementor-widget-text-editor .elementor-drop-cap-letter{display:inline-block}<\/style>\t\t\t\t<h3 style=\"text-align: center;\"><span style=\"color: #3366ff;\"><em><strong>Corpus<\/strong><\/em><\/span><\/h3><p>Los corpus que han sido utilizados en la elaboraci\u00f3n continua del DMHE resultan de las siguientes fuentes:<\/p><p>1) CREA \u2013 Corpus de Referencial del Espa\u00f1ol Actual, disponible en: <a href=\"https:\/\/apps2.rae.es\/CREA\/view\/inicioExterno.view\">https:\/\/apps2.rae.es\/CREA\/view\/inicioExterno.view<\/a>, de la Real Academia Espa\u00f1ola, en donde se puede tener acceso a un conjunto de textos de diversas procedencias, as\u00ed como extraer informaciones relacionadas con el l\u00e9xico de la lengua espa\u00f1ola, a ejemplo de los sentidos de las palabras y sus contextos de uso.<\/p><p>2) Corpus compuesto de aproximadamente 500 mil palabras oriundas de g\u00e9neros textuales disponibles en libros did\u00e1cticos de lengua espa\u00f1ola, publicados entre 1999 y 2012, que fueron elaborados para un p\u00fablico bien espec\u00edfico, el aprendiz brasile\u00f1o de la ense\u00f1anza secundaria (ensino m\u00e9dio en Brasil), en el \u00e1mbito del <em>GPEL \u2013 Grupo de Pesquisa em Estudos do L\u00e9xico: descri\u00e7\u00e3o e ensino<\/em>, bajo la coordinaci\u00f3n del Prof. Dr. Odair Luiz Nadin da Silva.<\/p><p>3) Diccionario de la Lengua Espa\u00f1ola, disponible en: <a href=\"https:\/\/dle.rae.es\/\">https:\/\/dle.rae.es\/<\/a>.<\/p><p>4) Diccionario del Espa\u00f1ol de M\u00e9xico, disponible em: <a href=\"https:\/\/dem.colmex.mx\/\">https:\/\/dem.colmex.mx\/<\/a>.<\/p><p>5) GONZ\u00c1LEZ, M. C. <em>Diccionario de espa\u00f1ol para extranjeros \u2013 Con el espa\u00f1ol que se habla hoy en Espa\u00f1a y en Am\u00e9rica Latina.<\/em> Coordinaci\u00f3n y proyecto editorial Concepci\u00f3n Maldonato. S\u00e3o Paulo: edi\u00e7\u00f5es SM, 2005. \u2013 (DEPE).<\/p><p>6) GUTI\u00c9RREZ CUADRADO, J.; PASCUAL RODR\u00cdGUES, J. A. <em>Diccionario salamanca \u2013 espa\u00f1ol para extranjeros.<\/em> Santillana Educaci\u00f3n: Madrid, 2006.<\/p>\t\t\t\t\t\t<\/div>\n\t\t\t\t<\/div>\n\t\t\t\t\t<\/div>\n\t\t<\/div>\n\t\t\t\t\t\t\t<\/div>\n\t\t<\/section>\n\t\t\t\t\t\t\t<\/div>\n\t\t","protected":false},"excerpt":{"rendered":"<p>Corpus Los corpus que han sido utilizados en la elaboraci\u00f3n continua del DMHE resultan de las siguientes fuentes: 1) CREA<\/p>\n","protected":false},"author":1,"featured_media":0,"parent":0,"menu_order":0,"comment_status":"closed","ping_status":"closed","template":"","meta":{"inline_featured_image":false,"footnotes":""},"class_list":["post-1508","page","type-page","status-publish","hentry"],"_links":{"self":[{"href":"https:\/\/nel.net.br\/dmhe\/info\/wp-json\/wp\/v2\/pages\/1508","targetHints":{"allow":["GET"]}}],"collection":[{"href":"https:\/\/nel.net.br\/dmhe\/info\/wp-json\/wp\/v2\/pages"}],"about":[{"href":"https:\/\/nel.net.br\/dmhe\/info\/wp-json\/wp\/v2\/types\/page"}],"author":[{"embeddable":true,"href":"https:\/\/nel.net.br\/dmhe\/info\/wp-json\/wp\/v2\/users\/1"}],"replies":[{"embeddable":true,"href":"https:\/\/nel.net.br\/dmhe\/info\/wp-json\/wp\/v2\/comments?post=1508"}],"version-history":[{"count":23,"href":"https:\/\/nel.net.br\/dmhe\/info\/wp-json\/wp\/v2\/pages\/1508\/revisions"}],"predecessor-version":[{"id":2170,"href":"https:\/\/nel.net.br\/dmhe\/info\/wp-json\/wp\/v2\/pages\/1508\/revisions\/2170"}],"wp:attachment":[{"href":"https:\/\/nel.net.br\/dmhe\/info\/wp-json\/wp\/v2\/media?parent=1508"}],"curies":[{"name":"wp","href":"https:\/\/api.w.org\/{rel}","templated":true}]}}