{"id":1506,"date":"2022-03-26T13:03:44","date_gmt":"2022-03-26T16:03:44","guid":{"rendered":"https:\/\/nel.ufms.br\/dmhe\/?page_id=1506"},"modified":"2022-05-18T21:04:35","modified_gmt":"2022-05-19T00:04:35","slug":"equipo","status":"publish","type":"page","link":"https:\/\/nel.net.br\/dmhe\/info\/equipo\/","title":{"rendered":"Equipo"},"content":{"rendered":"\t\t<div data-elementor-type=\"wp-page\" data-elementor-id=\"1506\" class=\"elementor elementor-1506\">\n\t\t\t\t\t\t\t\t\t<section class=\"elementor-section elementor-top-section elementor-element elementor-element-241243b4 elementor-section-boxed elementor-section-height-default elementor-section-height-default\" data-id=\"241243b4\" data-element_type=\"section\">\n\t\t\t\t\t\t<div class=\"elementor-container elementor-column-gap-default\">\n\t\t\t\t\t<div class=\"elementor-column elementor-col-100 elementor-top-column elementor-element elementor-element-3db2c55\" data-id=\"3db2c55\" data-element_type=\"column\">\n\t\t\t<div class=\"elementor-widget-wrap elementor-element-populated\">\n\t\t\t\t\t\t\t\t<div class=\"elementor-element elementor-element-3a42c41a elementor-widget elementor-widget-text-editor\" data-id=\"3a42c41a\" data-element_type=\"widget\" data-widget_type=\"text-editor.default\">\n\t\t\t\t<div class=\"elementor-widget-container\">\n\t\t\t<style>\/*! elementor - v3.6.1 - 23-03-2022 *\/\n.elementor-widget-text-editor.elementor-drop-cap-view-stacked .elementor-drop-cap{background-color:#818a91;color:#fff}.elementor-widget-text-editor.elementor-drop-cap-view-framed .elementor-drop-cap{color:#818a91;border:3px solid;background-color:transparent}.elementor-widget-text-editor:not(.elementor-drop-cap-view-default) .elementor-drop-cap{margin-top:8px}.elementor-widget-text-editor:not(.elementor-drop-cap-view-default) .elementor-drop-cap-letter{width:1em;height:1em}.elementor-widget-text-editor .elementor-drop-cap{float:left;text-align:center;line-height:1;font-size:50px}.elementor-widget-text-editor .elementor-drop-cap-letter{display:inline-block}<\/style>\t\t\t\t<h3 style=\"text-align: center;\"><span style=\"color: #3366ff;\"><em><strong>Equipo<\/strong><\/em><\/span><\/h3><p><span style=\"color: #3366ff;\"><em><strong>Direcci\u00f3n<\/strong><\/em><\/span><\/p><p>Renato Rodrigues-Pereira\u00a0<\/p><p><span style=\"color: #3366ff;\"><em><strong>An\u00e1lisis de candidatos a hom\u00f3nimos y redacci\u00f3n de art\u00edculos <\/strong><\/em><\/span><\/p><p>Bruna Aparecida Oliva Ferreira dos Anjos (UFMS\/Brasil)<\/p><p>Renato Rodrigues-Pereira (UFMS\/Brasil)<\/p><p><span style=\"color: #3366ff;\"><em><strong>Consultor\u00eda y revisi\u00f3n<\/strong><\/em><\/span><\/p><p>Beatriz Carina Meynet (UNC\/Argentina)<\/p><p>Elizabete Aparecida Marques (UFMS\/Brasil)<\/p><p>Jos\u00e9 Antonio Sabio Pinilla (UGR\/Espa\u00f1a)<\/p><p>Mar\u00eda Cristina Maldonado Torres (UFMS\/Brasil)<\/p><p>Mar\u00eda Teresa Fuentes Mor\u00e1n (USAL\/Espa\u00f1a)<\/p><p>Mart\u00edn Tapia Kwiecien (UNC\/Argentina)<\/p><p>Odair Luiz Nadin da Silva (UNESP\/Brasil)<\/p><p>Renato Rodrigues-Pereira (UFMS\/Brasil)<\/p><p><span style=\"color: #3366ff;\"><strong><em>Inventario inicial de candidatos a hom\u00f3nimos<\/em><\/strong><\/span><\/p><p>Ana Lu\u00edza Oliveira Bazan (2017-2019) &#8211; (UFMS\/Brasil)<\/p><p>Camila Muniz Pena (2017-2019) &#8211; (UFMS\/Brasil)<\/p><p>Larissa Santos da Silva (2017-2020) &#8211; (UFMS\/Brasil)<\/p><p>Let\u00edcia da Silva Silvestre (2017-2019) &#8211; (UFMS\/Brasil)<\/p><p>Luana Leite Daniel (2017-2018) &#8211; (UFMS\/Brasil)<\/p><p>Marcos Paulo da Silva (2019-2020) &#8211; (UFMS\/Brasil)<\/p><p>Paloma Ferreira Coggo de Oliveira (2017-2019) &#8211; (UFMS\/Brasil)<\/p><p><span style=\"color: #3366ff;\"><em><strong>Interfaz Web<\/strong><\/em><\/span><\/p><p>Jos\u00e9 Lopes Moreira Filho (USP\/Brasil)<\/p>\t\t\t\t\t\t<\/div>\n\t\t\t\t<\/div>\n\t\t\t\t\t<\/div>\n\t\t<\/div>\n\t\t\t\t\t\t\t<\/div>\n\t\t<\/section>\n\t\t\t\t\t\t\t<\/div>\n\t\t","protected":false},"excerpt":{"rendered":"<p>Equipo Direcci\u00f3n Renato Rodrigues-Pereira\u00a0 An\u00e1lisis de candidatos a hom\u00f3nimos y redacci\u00f3n de art\u00edculos Bruna Aparecida Oliva Ferreira dos Anjos (UFMS\/Brasil)<\/p>\n","protected":false},"author":1,"featured_media":0,"parent":0,"menu_order":0,"comment_status":"closed","ping_status":"closed","template":"","meta":{"inline_featured_image":false,"footnotes":""},"class_list":["post-1506","page","type-page","status-publish","hentry"],"_links":{"self":[{"href":"https:\/\/nel.net.br\/dmhe\/info\/wp-json\/wp\/v2\/pages\/1506","targetHints":{"allow":["GET"]}}],"collection":[{"href":"https:\/\/nel.net.br\/dmhe\/info\/wp-json\/wp\/v2\/pages"}],"about":[{"href":"https:\/\/nel.net.br\/dmhe\/info\/wp-json\/wp\/v2\/types\/page"}],"author":[{"embeddable":true,"href":"https:\/\/nel.net.br\/dmhe\/info\/wp-json\/wp\/v2\/users\/1"}],"replies":[{"embeddable":true,"href":"https:\/\/nel.net.br\/dmhe\/info\/wp-json\/wp\/v2\/comments?post=1506"}],"version-history":[{"count":81,"href":"https:\/\/nel.net.br\/dmhe\/info\/wp-json\/wp\/v2\/pages\/1506\/revisions"}],"predecessor-version":[{"id":2246,"href":"https:\/\/nel.net.br\/dmhe\/info\/wp-json\/wp\/v2\/pages\/1506\/revisions\/2246"}],"wp:attachment":[{"href":"https:\/\/nel.net.br\/dmhe\/info\/wp-json\/wp\/v2\/media?parent=1506"}],"curies":[{"name":"wp","href":"https:\/\/api.w.org\/{rel}","templated":true}]}}